{"id":509,"date":"2024-02-05T20:17:25","date_gmt":"2024-02-05T20:17:25","guid":{"rendered":"https:\/\/www.ar-ploty.cz\/?page_id=509"},"modified":"2024-02-08T18:54:58","modified_gmt":"2024-02-08T18:54:58","slug":"zadej-poptavku","status":"publish","type":"page","link":"https:\/\/www.ar-ploty.cz\/?page_id=509","title":{"rendered":"Zadej popt\u00e1vku"},"content":{"rendered":"<div class=\"contact-section\">\n<div class=\"section-content\">\n<div class=\"section-header\">\n            \ud83d\udcdd Formul\u00e1\u0159 pro dotaz nebo po\u017eadavek na mont\u00e1\u017e\n        <\/div>\n<div class=\"section-description\">\n            \ud83d\udc4b V\u00edtejte! Zde m\u016f\u017eete snadno kontaktovat na\u0161i firmu ohledn\u011b dotazu, po\u017eadavku na mont\u00e1\u017e nebo jin\u00fdch z\u00e1le\u017eitost\u00ed t\u00fdkaj\u00edc\u00edch se na\u0161ich slu\u017eeb.\n        <\/div>\n<div class=\"section-text\">\n            Napi\u0161te v\u00e1\u0161 dotaz nebo popi\u0161te po\u017eadavek na mont\u00e1\u017e. Pokud m\u00e1te fotografie nebo jin\u00e9 dokumenty, kter\u00e9 by mohly pomoci s va\u0161\u00edm dotazem nebo po\u017eadavkem, m\u016f\u017eete je nahr\u00e1t pomoc\u00ed tla\u010d\u00edtka upload. Po vypln\u011bn\u00ed formul\u00e1\u0159e klikn\u011bte na tla\u010d\u00edtko \u201eOdeslat\u201c a my se v\u00e1m co nejd\u0159\u00edve ozveme.\n        <\/div>\n<div class=\"section-link\">\n            <a href=\"https:\/\/www.ar-ploty.cz\/?page_id=282\" class=\"contact-link\"><br \/>\n                <span class=\"icon\">&#9993;<\/span> Kontaktujte n\u00e1s<br \/>\n            <\/a>\n        <\/div>\n<\/p><\/div>\n<div class=\"contact-form\">\n        \n<div class=\"wpcf7 no-js\" id=\"wpcf7-f34-o1\" lang=\"cs-CZ\" dir=\"ltr\">\n<div class=\"screen-reader-response\"><p role=\"status\" aria-live=\"polite\" aria-atomic=\"true\"><\/p> <ul><\/ul><\/div>\n<form action=\"\/index.php?rest_route=%2Fwp%2Fv2%2Fpages%2F509#wpcf7-f34-o1\" method=\"post\" class=\"wpcf7-form init\" aria-label=\"Kontaktn\u00ed formul\u00e1\u0159\" enctype=\"multipart\/form-data\" novalidate=\"novalidate\" data-status=\"init\">\n<div style=\"display: none;\">\n<input type=\"hidden\" name=\"_wpcf7\" value=\"34\" \/>\n<input type=\"hidden\" name=\"_wpcf7_version\" value=\"5.8.7\" \/>\n<input type=\"hidden\" name=\"_wpcf7_locale\" value=\"cs_CZ\" \/>\n<input type=\"hidden\" name=\"_wpcf7_unit_tag\" value=\"wpcf7-f34-o1\" \/>\n<input type=\"hidden\" name=\"_wpcf7_container_post\" value=\"0\" \/>\n<input type=\"hidden\" name=\"_wpcf7_posted_data_hash\" value=\"\" \/>\n<\/div>\n<p><!DOCTYPE html>\n<\/p>\n<html lang=\"cs\">\n\t<head>\n<meta charset=\"UTF-8\" \/>\n<meta name=\"viewport\" content=\"width=device-width, initial-scale=1.0\" \/>\n\t\t<title>Popt\u00e1vkov\u00fd\/kontaktn\u00ed formul\u00e1\u0159\n\t\t<\/title>\n\n<!-- P\u0159idejte odkaz na knihovnu Font Awesome -->\n<link rel=\"stylesheet\" href=\"https:\/\/cdnjs.cloudflare.com\/ajax\/libs\/font-awesome\/5.15.4\/css\/all.min.css\" \/>\n\t\t<style>\n \/* Styly pro formul\u00e1\u0159ov\u00fd box *\/\n .form-box {\n border: 2px solid #ccc;\n border-radius: 10px;\n padding: 20px;\n background-color: #D6D6D6; \/* Tmav\u011b \u0161ed\u00e9 pozad\u00ed *\/\n color: #fff; \/* B\u00edl\u00e1 barva textu *\/\n display: flex;\n flex-wrap: wrap;\n }\n\n \/* Styly pro odd\u011blova\u010d *\/\n .divider {\n border-top: 1px solid #fff;\n margin: 20px 0;\n }\n\n \/* Styly pro vod\u00edtkov\u00fd text *\/\n .form-control::-webkit-input-placeholder { \/* Chrome\/Opera\/Safari *\/\n color: #999;\n }\n .form-control::-moz-placeholder { \/* Firefox 19+ *\/\n color: #999;\n }\n .form-control:-ms-input-placeholder { \/* IE 10+ *\/\n color: #999;\n }\n .form-control:-moz-placeholder { \/* Firefox 18- *\/\n color: #999;\n }\n\n \/* Styly pro nadpis formul\u00e1\u0159e na mobiln\u00edch za\u0159\u00edzen\u00edch *\/\n @media screen and (max-width: 600px) {\n .form-box h2 {\n font-size: 1.5rem;\n text-align: center;\n }\n }\n\t\t<\/style>\n\t<\/head>\n\t<body>\n\t\t<div class=\"form-box\">\n\t\t\t<h2><i class=\"fas fa-envelope\"><\/i> Popt\u00e1vkov\u00fd\/kontaktn\u00ed formul\u00e1\u0159\n\t\t\t<\/h2>\n\t\t\t<div class=\"divider\">\n\t\t\t<\/div>\n\t\t\t<div class=\"form-group\" style=\"width: 100%;\">\n\t\t\t\t<p><label for=\"jmeno\">Jm\u00e9no *<\/label><br \/>\n<input type=\"text\" name=\"jmeno\" id=\"jmeno\" class=\"form-control\" placeholder=\"Zadejte va\u0161e jm\u00e9no\" \/>\n\t\t\t\t<\/p>\n\t\t\t<\/div>\n\t\t\t<div class=\"form-group\" style=\"width: 100%;\">\n\t\t\t\t<p><label for=\"email\">E-mail *<\/label><br \/>\n<input type=\"email\" name=\"email\" id=\"email\" class=\"form-control\" placeholder=\"Zadejte v\u00e1\u0161 e-mail\" \/>\n\t\t\t\t<\/p>\n\t\t\t<\/div>\n\t\t\t<div class=\"form-group\" style=\"width: 100%;\">\n\t\t\t\t<p><label for=\"tel\">Telefonn\u00ed \u010d\u00edslo *<\/label><br \/>\n<input type=\"tel\" name=\"tel\" id=\"tel\" class=\"form-control\" placeholder=\"Zadejte v\u00e1\u0161 telefonn\u00ed \u010d\u00edslo\" \/>\n\t\t\t\t<\/p>\n\t\t\t<\/div>\n\t\t\t<div class=\"form-group\" style=\"width: 100%;\">\n\t\t\t\t<p><label for=\"realizace\">M\u00edsto realizace<\/label><br \/>\n<input type=\"text\" name=\"realizace\" id=\"realizace\" class=\"form-control\" placeholder=\"Zadejte m\u00edsto realizace\" \/>\n\t\t\t\t<\/p>\n\t\t\t<\/div>\n\t\t\t<div class=\"form-group\" style=\"width: 100%;\">\n\t\t\t\t<p><label for=\"vyska\">V\u00fd\u0161ka plotu (metry) *<\/label><br \/>\n<input type=\"number\" name=\"vyska\" id=\"vyska\" class=\"form-control\" placeholder=\"Zadejte v\u00fd\u0161ku plotu\" \/>\n\t\t\t\t<\/p>\n\t\t\t<\/div>\n\t\t\t<div class=\"form-group\" style=\"width: 100%;\">\n\t\t\t\t<p><label for=\"delka\">D\u00e9lka plotu (metry) *<\/label><br \/>\n<input type=\"number\" name=\"delka\" id=\"delka\" class=\"form-control\" placeholder=\"Zadejte d\u00e9lku plotu\" \/>\n\t\t\t\t<\/p>\n\t\t\t<\/div>\n\t\t\t<div class=\"form-group\" style=\"width: 100%;\">\n\t\t\t\t<p><label for=\"poptavka\">Va\u0161e popt\u00e1vka *<\/label><br \/>\n<textarea name=\"poptavka\" id=\"poptavka\" class=\"form-control\" placeholder=\"Napi\u0161te zde va\u0161i popt\u00e1vku\"><\/textarea>\n\t\t\t\t<\/p>\n\t\t\t<\/div>\n\t\t\t<div class=\"form-group\" style=\"width: 100%;\">\n\t\t\t\t<p><label> (max. velikost souboru 20MB, povolen\u00e9 form\u00e1ty: JPG, PNG, GIF)<\/label><br \/>\n<div id=\"mfcf7_zl_multifilecontainer\"><span class=\"mfcf7-zl-multiline-sample\" style=\"display:none\"><p class=\"wpcf7-form-control-wrap multilinefile-997\"><input size=\"40\" class=\"wpcf7-form-control wpcf7-multilinefile\" multiple=\"multiple\" value=\"Upload\" aria-invalid=\"false\" type=\"file\" name=\"multilinefile-997[]\" \/> <span class=\"mfcf7-zl-multifile-name\"><\/span><a href=\"javascript:void(0);\" class=\"mfcf7_zl_delete_file\"><span class=\"delete-file\" aria-hidden=\"true\">&#x274C;<\/span><\/a><\/p><\/span><\/div><span class=\"wpcf7-form-control-wrap zl-form-control-wrap multilinefile-997\"><input size=\"40\" class=\"wpcf7-form-control wpcf7-multilinefile\" multiple=\"multiple\" value=\"Upload\" aria-invalid=\"false\" type=\"file\" name=\"multilinefile-997[]\" \/> <span class=\"mfcf7-zl-multifile-name\"><\/span><a href=\"javascript:void(0);\" class=\"mfcf7_zl_delete_file\"><span class=\"delete-file\" aria-hidden=\"true\">&#x274C;<\/span><\/a><\/span><p><label><span class=\"wpcf7-form-control-wrap\" data-name=\"multilinefile-997-zl-mfcf7-upld-btn\"><input type=\"button\" name=\"multilinefile-997-zl-mfcf7-upld-btn\" class=\"button button-primary qbutton\" id=\"mfcf7_zl_add_file\" value=\"Upload\"><\/span><\/label><\/p>\n\t\t\t\t<\/p>\n\t\t\t<\/div>\n\t\t\t<p><button type=\"submit\" class=\"btn btn-primary\"><i class=\"fas fa-paper-plane\"><\/i> Odeslat popt\u00e1vku<\/button>\n\t\t\t<\/p>\n\t\t<\/div>\n\t<\/body>\n<\/html><div class=\"wpcf7-response-output\" aria-hidden=\"true\"><\/div>\n<\/form>\n<\/div>\n\n    <\/div>\n<\/div>\n","protected":false},"excerpt":{"rendered":"<p>\ud83d\udcdd Formul\u00e1\u0159 pro dotaz nebo po\u017eadavek na mont\u00e1\u017e \ud83d\udc4b V\u00edtejte! Zde m\u016f\u017eete snadno kontaktovat na\u0161i firmu ohledn\u011b dotazu, po\u017eadavku na mont\u00e1\u017e nebo jin\u00fdch z\u00e1le\u017eitost\u00ed t\u00fdkaj\u00edc\u00edch se na\u0161ich slu\u017eeb. Napi\u0161te v\u00e1\u0161 dotaz nebo popi\u0161te po\u017eadavek na mont\u00e1\u017e. Pokud m\u00e1te fotografie nebo jin\u00e9 dokumenty, kter\u00e9 by mohly pomoci s va\u0161\u00edm dotazem nebo po\u017eadavkem, m\u016f\u017eete je nahr\u00e1t pomoc\u00ed&hellip; <br \/> <a class=\"read-more\" href=\"https:\/\/www.ar-ploty.cz\/?page_id=509\">V\u00edce<\/a><\/p>\n","protected":false},"author":1,"featured_media":0,"parent":0,"menu_order":0,"comment_status":"closed","ping_status":"closed","template":"","meta":{"footnotes":""},"class_list":["post-509","page","type-page","status-publish","hentry"],"_links":{"self":[{"href":"https:\/\/www.ar-ploty.cz\/index.php?rest_route=\/wp\/v2\/pages\/509","targetHints":{"allow":["GET"]}}],"collection":[{"href":"https:\/\/www.ar-ploty.cz\/index.php?rest_route=\/wp\/v2\/pages"}],"about":[{"href":"https:\/\/www.ar-ploty.cz\/index.php?rest_route=\/wp\/v2\/types\/page"}],"author":[{"embeddable":true,"href":"https:\/\/www.ar-ploty.cz\/index.php?rest_route=\/wp\/v2\/users\/1"}],"replies":[{"embeddable":true,"href":"https:\/\/www.ar-ploty.cz\/index.php?rest_route=%2Fwp%2Fv2%2Fcomments&post=509"}],"version-history":[{"count":8,"href":"https:\/\/www.ar-ploty.cz\/index.php?rest_route=\/wp\/v2\/pages\/509\/revisions"}],"predecessor-version":[{"id":593,"href":"https:\/\/www.ar-ploty.cz\/index.php?rest_route=\/wp\/v2\/pages\/509\/revisions\/593"}],"wp:attachment":[{"href":"https:\/\/www.ar-ploty.cz\/index.php?rest_route=%2Fwp%2Fv2%2Fmedia&parent=509"}],"curies":[{"name":"wp","href":"https:\/\/api.w.org\/{rel}","templated":true}]}}