{"id":320,"date":"2024-02-02T22:17:33","date_gmt":"2024-02-02T22:17:33","guid":{"rendered":"https:\/\/www.ar-ploty.cz\/?page_id=320"},"modified":"2024-02-05T20:46:44","modified_gmt":"2024-02-05T20:46:44","slug":"realizace-c-7","status":"publish","type":"page","link":"https:\/\/www.ar-ploty.cz\/?page_id=320","title":{"rendered":"Betonov\u00fd plot + pla\u0148ky, dvouk\u0159\u00eddl\u00e1 br\u00e1na+ branka"},"content":{"rendered":"\n<p><\/p>\n\n\n\n<figure class=\"wp-block-gallery has-nested-images columns-default is-cropped wp-block-gallery-1 is-layout-flex wp-block-gallery-is-layout-flex\">\n<figure class=\"wp-block-image size-large\"><img loading=\"lazy\" decoding=\"async\" width=\"1024\" height=\"473\" data-id=\"181\" src=\"https:\/\/www.ar-ploty.cz\/wp-content\/uploads\/2024\/01\/IMG_20230519_103720-1024x473.jpg\" alt=\"\" class=\"wp-image-181\" srcset=\"https:\/\/www.ar-ploty.cz\/wp-content\/uploads\/2024\/01\/IMG_20230519_103720-1024x473.jpg 1024w, https:\/\/www.ar-ploty.cz\/wp-content\/uploads\/2024\/01\/IMG_20230519_103720-300x139.jpg 300w, https:\/\/www.ar-ploty.cz\/wp-content\/uploads\/2024\/01\/IMG_20230519_103720-768x355.jpg 768w, https:\/\/www.ar-ploty.cz\/wp-content\/uploads\/2024\/01\/IMG_20230519_103720-1536x709.jpg 1536w, https:\/\/www.ar-ploty.cz\/wp-content\/uploads\/2024\/01\/IMG_20230519_103720-2048x946.jpg 2048w, https:\/\/www.ar-ploty.cz\/wp-content\/uploads\/2024\/01\/IMG_20230519_103720-1920x887.jpg 1920w\" sizes=\"auto, (max-width: 1024px) 100vw, 1024px\" \/><\/figure>\n\n\n\n<figure class=\"wp-block-image size-large\"><img loading=\"lazy\" decoding=\"async\" width=\"1024\" height=\"473\" data-id=\"182\" src=\"https:\/\/www.ar-ploty.cz\/wp-content\/uploads\/2024\/01\/IMG_20230519_103733-1024x473.jpg\" alt=\"\" class=\"wp-image-182\" srcset=\"https:\/\/www.ar-ploty.cz\/wp-content\/uploads\/2024\/01\/IMG_20230519_103733-1024x473.jpg 1024w, https:\/\/www.ar-ploty.cz\/wp-content\/uploads\/2024\/01\/IMG_20230519_103733-300x139.jpg 300w, https:\/\/www.ar-ploty.cz\/wp-content\/uploads\/2024\/01\/IMG_20230519_103733-768x355.jpg 768w, https:\/\/www.ar-ploty.cz\/wp-content\/uploads\/2024\/01\/IMG_20230519_103733-1536x709.jpg 1536w, https:\/\/www.ar-ploty.cz\/wp-content\/uploads\/2024\/01\/IMG_20230519_103733-2048x946.jpg 2048w, https:\/\/www.ar-ploty.cz\/wp-content\/uploads\/2024\/01\/IMG_20230519_103733-1920x887.jpg 1920w\" sizes=\"auto, (max-width: 1024px) 100vw, 1024px\" \/><\/figure>\n\n\n\n<figure class=\"wp-block-image size-large\"><img loading=\"lazy\" decoding=\"async\" width=\"473\" height=\"1024\" data-id=\"183\" src=\"https:\/\/www.ar-ploty.cz\/wp-content\/uploads\/2024\/01\/IMG_20230519_103740-473x1024.jpg\" alt=\"\" class=\"wp-image-183\" srcset=\"https:\/\/www.ar-ploty.cz\/wp-content\/uploads\/2024\/01\/IMG_20230519_103740-473x1024.jpg 473w, https:\/\/www.ar-ploty.cz\/wp-content\/uploads\/2024\/01\/IMG_20230519_103740-139x300.jpg 139w, https:\/\/www.ar-ploty.cz\/wp-content\/uploads\/2024\/01\/IMG_20230519_103740-768x1663.jpg 768w, https:\/\/www.ar-ploty.cz\/wp-content\/uploads\/2024\/01\/IMG_20230519_103740-709x1536.jpg 709w, https:\/\/www.ar-ploty.cz\/wp-content\/uploads\/2024\/01\/IMG_20230519_103740-946x2048.jpg 946w, https:\/\/www.ar-ploty.cz\/wp-content\/uploads\/2024\/01\/IMG_20230519_103740-1024x2217.jpg 1024w, https:\/\/www.ar-ploty.cz\/wp-content\/uploads\/2024\/01\/IMG_20230519_103740-499x1080.jpg 499w, https:\/\/www.ar-ploty.cz\/wp-content\/uploads\/2024\/01\/IMG_20230519_103740-scaled.jpg 1182w\" sizes=\"auto, (max-width: 473px) 100vw, 473px\" \/><\/figure>\n\n\n\n<figure class=\"wp-block-image size-large\"><img loading=\"lazy\" decoding=\"async\" width=\"1024\" height=\"473\" data-id=\"184\" src=\"https:\/\/www.ar-ploty.cz\/wp-content\/uploads\/2024\/01\/IMG_20230519_103754-1024x473.jpg\" alt=\"\" class=\"wp-image-184\" srcset=\"https:\/\/www.ar-ploty.cz\/wp-content\/uploads\/2024\/01\/IMG_20230519_103754-1024x473.jpg 1024w, https:\/\/www.ar-ploty.cz\/wp-content\/uploads\/2024\/01\/IMG_20230519_103754-300x139.jpg 300w, https:\/\/www.ar-ploty.cz\/wp-content\/uploads\/2024\/01\/IMG_20230519_103754-768x355.jpg 768w, https:\/\/www.ar-ploty.cz\/wp-content\/uploads\/2024\/01\/IMG_20230519_103754-1536x709.jpg 1536w, https:\/\/www.ar-ploty.cz\/wp-content\/uploads\/2024\/01\/IMG_20230519_103754-2048x946.jpg 2048w, https:\/\/www.ar-ploty.cz\/wp-content\/uploads\/2024\/01\/IMG_20230519_103754-1920x887.jpg 1920w\" sizes=\"auto, (max-width: 1024px) 100vw, 1024px\" \/><\/figure>\n\n\n\n<figure class=\"wp-block-image size-large\"><img loading=\"lazy\" decoding=\"async\" width=\"1024\" height=\"473\" data-id=\"185\" src=\"https:\/\/www.ar-ploty.cz\/wp-content\/uploads\/2024\/01\/IMG_20230519_103815-1024x473.jpg\" alt=\"\" class=\"wp-image-185\" srcset=\"https:\/\/www.ar-ploty.cz\/wp-content\/uploads\/2024\/01\/IMG_20230519_103815-1024x473.jpg 1024w, https:\/\/www.ar-ploty.cz\/wp-content\/uploads\/2024\/01\/IMG_20230519_103815-300x139.jpg 300w, https:\/\/www.ar-ploty.cz\/wp-content\/uploads\/2024\/01\/IMG_20230519_103815-768x355.jpg 768w, https:\/\/www.ar-ploty.cz\/wp-content\/uploads\/2024\/01\/IMG_20230519_103815-1536x709.jpg 1536w, https:\/\/www.ar-ploty.cz\/wp-content\/uploads\/2024\/01\/IMG_20230519_103815-2048x946.jpg 2048w, https:\/\/www.ar-ploty.cz\/wp-content\/uploads\/2024\/01\/IMG_20230519_103815-1920x887.jpg 1920w\" sizes=\"auto, (max-width: 1024px) 100vw, 1024px\" \/><\/figure>\n\n\n\n<figure class=\"wp-block-image size-large\"><img loading=\"lazy\" decoding=\"async\" width=\"1024\" height=\"473\" data-id=\"186\" src=\"https:\/\/www.ar-ploty.cz\/wp-content\/uploads\/2024\/01\/IMG_20230519_103834-1024x473.jpg\" alt=\"\" class=\"wp-image-186\" srcset=\"https:\/\/www.ar-ploty.cz\/wp-content\/uploads\/2024\/01\/IMG_20230519_103834-1024x473.jpg 1024w, https:\/\/www.ar-ploty.cz\/wp-content\/uploads\/2024\/01\/IMG_20230519_103834-300x139.jpg 300w, https:\/\/www.ar-ploty.cz\/wp-content\/uploads\/2024\/01\/IMG_20230519_103834-768x355.jpg 768w, https:\/\/www.ar-ploty.cz\/wp-content\/uploads\/2024\/01\/IMG_20230519_103834-1536x709.jpg 1536w, https:\/\/www.ar-ploty.cz\/wp-content\/uploads\/2024\/01\/IMG_20230519_103834-2048x946.jpg 2048w, https:\/\/www.ar-ploty.cz\/wp-content\/uploads\/2024\/01\/IMG_20230519_103834-1920x887.jpg 1920w\" sizes=\"auto, (max-width: 1024px) 100vw, 1024px\" \/><\/figure>\n\n\n\n<figure class=\"wp-block-image size-large\"><img loading=\"lazy\" decoding=\"async\" width=\"1024\" height=\"473\" data-id=\"187\" src=\"https:\/\/www.ar-ploty.cz\/wp-content\/uploads\/2024\/01\/IMG_20230519_103854-1024x473.jpg\" alt=\"\" class=\"wp-image-187\" srcset=\"https:\/\/www.ar-ploty.cz\/wp-content\/uploads\/2024\/01\/IMG_20230519_103854-1024x473.jpg 1024w, https:\/\/www.ar-ploty.cz\/wp-content\/uploads\/2024\/01\/IMG_20230519_103854-300x139.jpg 300w, https:\/\/www.ar-ploty.cz\/wp-content\/uploads\/2024\/01\/IMG_20230519_103854-768x355.jpg 768w, https:\/\/www.ar-ploty.cz\/wp-content\/uploads\/2024\/01\/IMG_20230519_103854-1536x709.jpg 1536w, https:\/\/www.ar-ploty.cz\/wp-content\/uploads\/2024\/01\/IMG_20230519_103854-2048x946.jpg 2048w, https:\/\/www.ar-ploty.cz\/wp-content\/uploads\/2024\/01\/IMG_20230519_103854-1920x887.jpg 1920w\" sizes=\"auto, (max-width: 1024px) 100vw, 1024px\" \/><\/figure>\n<\/figure>\n","protected":false},"excerpt":{"rendered":"","protected":false},"author":1,"featured_media":0,"parent":0,"menu_order":0,"comment_status":"closed","ping_status":"closed","template":"","meta":{"footnotes":""},"class_list":["post-320","page","type-page","status-publish","hentry"],"_links":{"self":[{"href":"https:\/\/www.ar-ploty.cz\/index.php?rest_route=\/wp\/v2\/pages\/320","targetHints":{"allow":["GET"]}}],"collection":[{"href":"https:\/\/www.ar-ploty.cz\/index.php?rest_route=\/wp\/v2\/pages"}],"about":[{"href":"https:\/\/www.ar-ploty.cz\/index.php?rest_route=\/wp\/v2\/types\/page"}],"author":[{"embeddable":true,"href":"https:\/\/www.ar-ploty.cz\/index.php?rest_route=\/wp\/v2\/users\/1"}],"replies":[{"embeddable":true,"href":"https:\/\/www.ar-ploty.cz\/index.php?rest_route=%2Fwp%2Fv2%2Fcomments&post=320"}],"version-history":[{"count":2,"href":"https:\/\/www.ar-ploty.cz\/index.php?rest_route=\/wp\/v2\/pages\/320\/revisions"}],"predecessor-version":[{"id":524,"href":"https:\/\/www.ar-ploty.cz\/index.php?rest_route=\/wp\/v2\/pages\/320\/revisions\/524"}],"wp:attachment":[{"href":"https:\/\/www.ar-ploty.cz\/index.php?rest_route=%2Fwp%2Fv2%2Fmedia&parent=320"}],"curies":[{"name":"wp","href":"https:\/\/api.w.org\/{rel}","templated":true}]}}