{"id":264,"date":"2024-01-30T01:43:33","date_gmt":"2024-01-30T01:43:33","guid":{"rendered":"https:\/\/www.ar-ploty.cz\/?page_id=264"},"modified":"2024-02-05T20:44:06","modified_gmt":"2024-02-05T20:44:06","slug":"realizace-c-2","status":"publish","type":"page","link":"https:\/\/www.ar-ploty.cz\/?page_id=264","title":{"rendered":"Betonov\u00fd plot p\u00edskovec + d\u0159ev\u011bn\u00e9 pla\u0148ky"},"content":{"rendered":"\n<figure class=\"wp-block-gallery has-nested-images columns-default is-cropped wp-block-gallery-1 is-layout-flex wp-block-gallery-is-layout-flex\">\n<figure class=\"wp-block-image size-large\"><img loading=\"lazy\" decoding=\"async\" width=\"1024\" height=\"473\" data-id=\"175\" src=\"https:\/\/www.ar-ploty.cz\/wp-content\/uploads\/2024\/01\/IMG_20230513_121019-1024x473.jpg\" alt=\"\" class=\"wp-image-175\" srcset=\"https:\/\/www.ar-ploty.cz\/wp-content\/uploads\/2024\/01\/IMG_20230513_121019-1024x473.jpg 1024w, https:\/\/www.ar-ploty.cz\/wp-content\/uploads\/2024\/01\/IMG_20230513_121019-300x139.jpg 300w, https:\/\/www.ar-ploty.cz\/wp-content\/uploads\/2024\/01\/IMG_20230513_121019-768x355.jpg 768w, https:\/\/www.ar-ploty.cz\/wp-content\/uploads\/2024\/01\/IMG_20230513_121019-1536x709.jpg 1536w, https:\/\/www.ar-ploty.cz\/wp-content\/uploads\/2024\/01\/IMG_20230513_121019-2048x946.jpg 2048w, https:\/\/www.ar-ploty.cz\/wp-content\/uploads\/2024\/01\/IMG_20230513_121019-1920x887.jpg 1920w\" sizes=\"auto, (max-width: 1024px) 100vw, 1024px\" \/><\/figure>\n\n\n\n<figure class=\"wp-block-image size-large\"><img loading=\"lazy\" decoding=\"async\" width=\"1024\" height=\"473\" data-id=\"180\" src=\"https:\/\/www.ar-ploty.cz\/wp-content\/uploads\/2024\/01\/IMG_20230513_121108-1024x473.jpg\" alt=\"\" class=\"wp-image-180\" srcset=\"https:\/\/www.ar-ploty.cz\/wp-content\/uploads\/2024\/01\/IMG_20230513_121108-1024x473.jpg 1024w, https:\/\/www.ar-ploty.cz\/wp-content\/uploads\/2024\/01\/IMG_20230513_121108-300x139.jpg 300w, https:\/\/www.ar-ploty.cz\/wp-content\/uploads\/2024\/01\/IMG_20230513_121108-768x355.jpg 768w, https:\/\/www.ar-ploty.cz\/wp-content\/uploads\/2024\/01\/IMG_20230513_121108-1536x709.jpg 1536w, https:\/\/www.ar-ploty.cz\/wp-content\/uploads\/2024\/01\/IMG_20230513_121108-2048x946.jpg 2048w, https:\/\/www.ar-ploty.cz\/wp-content\/uploads\/2024\/01\/IMG_20230513_121108-1920x887.jpg 1920w\" sizes=\"auto, (max-width: 1024px) 100vw, 1024px\" \/><\/figure>\n\n\n\n<figure class=\"wp-block-image size-large\"><img loading=\"lazy\" decoding=\"async\" width=\"1024\" height=\"473\" data-id=\"179\" src=\"https:\/\/www.ar-ploty.cz\/wp-content\/uploads\/2024\/01\/IMG_20230513_121105-1-1024x473.jpg\" alt=\"\" class=\"wp-image-179\" srcset=\"https:\/\/www.ar-ploty.cz\/wp-content\/uploads\/2024\/01\/IMG_20230513_121105-1-1024x473.jpg 1024w, https:\/\/www.ar-ploty.cz\/wp-content\/uploads\/2024\/01\/IMG_20230513_121105-1-300x139.jpg 300w, https:\/\/www.ar-ploty.cz\/wp-content\/uploads\/2024\/01\/IMG_20230513_121105-1-768x355.jpg 768w, https:\/\/www.ar-ploty.cz\/wp-content\/uploads\/2024\/01\/IMG_20230513_121105-1-1536x709.jpg 1536w, https:\/\/www.ar-ploty.cz\/wp-content\/uploads\/2024\/01\/IMG_20230513_121105-1-2048x946.jpg 2048w, https:\/\/www.ar-ploty.cz\/wp-content\/uploads\/2024\/01\/IMG_20230513_121105-1-1920x887.jpg 1920w\" sizes=\"auto, (max-width: 1024px) 100vw, 1024px\" \/><\/figure>\n\n\n\n<figure class=\"wp-block-image size-large\"><img loading=\"lazy\" decoding=\"async\" width=\"1024\" height=\"473\" data-id=\"178\" src=\"https:\/\/www.ar-ploty.cz\/wp-content\/uploads\/2024\/01\/IMG_20230513_121102-1024x473.jpg\" alt=\"\" class=\"wp-image-178\" srcset=\"https:\/\/www.ar-ploty.cz\/wp-content\/uploads\/2024\/01\/IMG_20230513_121102-1024x473.jpg 1024w, https:\/\/www.ar-ploty.cz\/wp-content\/uploads\/2024\/01\/IMG_20230513_121102-300x139.jpg 300w, https:\/\/www.ar-ploty.cz\/wp-content\/uploads\/2024\/01\/IMG_20230513_121102-768x355.jpg 768w, https:\/\/www.ar-ploty.cz\/wp-content\/uploads\/2024\/01\/IMG_20230513_121102-1536x709.jpg 1536w, https:\/\/www.ar-ploty.cz\/wp-content\/uploads\/2024\/01\/IMG_20230513_121102-2048x946.jpg 2048w, https:\/\/www.ar-ploty.cz\/wp-content\/uploads\/2024\/01\/IMG_20230513_121102-1920x887.jpg 1920w\" sizes=\"auto, (max-width: 1024px) 100vw, 1024px\" \/><\/figure>\n\n\n\n<figure class=\"wp-block-image size-large\"><img loading=\"lazy\" decoding=\"async\" width=\"1024\" height=\"473\" data-id=\"177\" src=\"https:\/\/www.ar-ploty.cz\/wp-content\/uploads\/2024\/01\/IMG_20230513_121041-1024x473.jpg\" alt=\"\" class=\"wp-image-177\" srcset=\"https:\/\/www.ar-ploty.cz\/wp-content\/uploads\/2024\/01\/IMG_20230513_121041-1024x473.jpg 1024w, https:\/\/www.ar-ploty.cz\/wp-content\/uploads\/2024\/01\/IMG_20230513_121041-300x139.jpg 300w, https:\/\/www.ar-ploty.cz\/wp-content\/uploads\/2024\/01\/IMG_20230513_121041-768x355.jpg 768w, https:\/\/www.ar-ploty.cz\/wp-content\/uploads\/2024\/01\/IMG_20230513_121041-1536x709.jpg 1536w, https:\/\/www.ar-ploty.cz\/wp-content\/uploads\/2024\/01\/IMG_20230513_121041-2048x946.jpg 2048w, https:\/\/www.ar-ploty.cz\/wp-content\/uploads\/2024\/01\/IMG_20230513_121041-1920x887.jpg 1920w\" sizes=\"auto, (max-width: 1024px) 100vw, 1024px\" \/><\/figure>\n\n\n\n<figure class=\"wp-block-image size-large\"><img loading=\"lazy\" decoding=\"async\" width=\"1024\" height=\"473\" data-id=\"176\" src=\"https:\/\/www.ar-ploty.cz\/wp-content\/uploads\/2024\/01\/IMG_20230513_121037-1024x473.jpg\" alt=\"\" class=\"wp-image-176\" srcset=\"https:\/\/www.ar-ploty.cz\/wp-content\/uploads\/2024\/01\/IMG_20230513_121037-1024x473.jpg 1024w, https:\/\/www.ar-ploty.cz\/wp-content\/uploads\/2024\/01\/IMG_20230513_121037-300x139.jpg 300w, https:\/\/www.ar-ploty.cz\/wp-content\/uploads\/2024\/01\/IMG_20230513_121037-768x355.jpg 768w, https:\/\/www.ar-ploty.cz\/wp-content\/uploads\/2024\/01\/IMG_20230513_121037-1536x709.jpg 1536w, https:\/\/www.ar-ploty.cz\/wp-content\/uploads\/2024\/01\/IMG_20230513_121037-2048x946.jpg 2048w, https:\/\/www.ar-ploty.cz\/wp-content\/uploads\/2024\/01\/IMG_20230513_121037-1920x887.jpg 1920w\" sizes=\"auto, (max-width: 1024px) 100vw, 1024px\" \/><\/figure>\n<\/figure>\n","protected":false},"excerpt":{"rendered":"","protected":false},"author":1,"featured_media":0,"parent":0,"menu_order":0,"comment_status":"closed","ping_status":"closed","template":"","meta":{"footnotes":""},"class_list":["post-264","page","type-page","status-publish","hentry"],"_links":{"self":[{"href":"https:\/\/www.ar-ploty.cz\/index.php?rest_route=\/wp\/v2\/pages\/264","targetHints":{"allow":["GET"]}}],"collection":[{"href":"https:\/\/www.ar-ploty.cz\/index.php?rest_route=\/wp\/v2\/pages"}],"about":[{"href":"https:\/\/www.ar-ploty.cz\/index.php?rest_route=\/wp\/v2\/types\/page"}],"author":[{"embeddable":true,"href":"https:\/\/www.ar-ploty.cz\/index.php?rest_route=\/wp\/v2\/users\/1"}],"replies":[{"embeddable":true,"href":"https:\/\/www.ar-ploty.cz\/index.php?rest_route=%2Fwp%2Fv2%2Fcomments&post=264"}],"version-history":[{"count":2,"href":"https:\/\/www.ar-ploty.cz\/index.php?rest_route=\/wp\/v2\/pages\/264\/revisions"}],"predecessor-version":[{"id":518,"href":"https:\/\/www.ar-ploty.cz\/index.php?rest_route=\/wp\/v2\/pages\/264\/revisions\/518"}],"wp:attachment":[{"href":"https:\/\/www.ar-ploty.cz\/index.php?rest_route=%2Fwp%2Fv2%2Fmedia&parent=264"}],"curies":[{"name":"wp","href":"https:\/\/api.w.org\/{rel}","templated":true}]}}